{"id":892,"date":"2019-05-30T20:01:33","date_gmt":"2019-05-30T18:01:33","guid":{"rendered":"https:\/\/virasol.it\/?page_id=892"},"modified":"2019-06-03T15:12:05","modified_gmt":"2019-06-03T13:12:05","slug":"privacy-policy","status":"publish","type":"page","link":"https:\/\/virasolincitta.it\/en\/privacy-policy\/","title":{"rendered":"PRIVACY POLICY"},"content":{"rendered":"<p>[vc_row][vc_column][vc_custom_heading text=&#8221;PRIVACY POLICY&#8221; font_container=&#8221;tag:h2|text_align:left|color:%23f6ba60&#8243; google_fonts=&#8221;font_family:Fira%20Sans%3A300%2C300italic%2C400%2C400italic%2C500%2C500italic%2C700%2C700italic|font_style:400%20regular%3A400%3Anormal&#8221; css_animation=&#8221;fadeIn&#8221; css=&#8221;.vc_custom_1557221056715{margin-bottom: 15px !important;}&#8221;][vc_column_text]<\/p>\n<div class=\"m_-6580696615980884340gmail-m_-5322793469304172800gmail-agni_text_column m_-6580696615980884340gmail-m_-5322793469304172800gmail-agni-text-block m_-6580696615980884340gmail-m_-5322793469304172800gmail-agni_custom_design_css\">\n<p><strong>Informazioni ai sensi dell\u2019art. 13 del Reg. EU 2016\/697 (GDPR)<\/strong><\/p>\n<\/div>\n<div class=\"m_-6580696615980884340gmail-m_-5322793469304172800gmail-agni_text_column m_-6580696615980884340gmail-m_-5322793469304172800gmail-agni-text-block m_-6580696615980884340gmail-m_-5322793469304172800gmail-agni_custom_design_css\">\n<p>Gentile visitatore, ai sensi dell\u2019art. 13 del GDPR, ed in relazione ai dati personali di cui <strong>B&amp;B Virasol di Napoli Paola<\/strong>\u00a0entrer\u00e0 in possesso, Le forniamo le informazioni che seguono.<br \/>\nPer la suddetta Normativa:<\/p>\n<ul>\n<li>a) B&amp;B Virasol di Napoli Paola \u00e8 il titolare del Trattamento.<\/li>\n<\/ul>\n<ul>\n<li>b) Lei, se persona fisica (anche impresa individuale o professionista), \u00e8 l\u2019Interessato e i Suoi dati verranno trattati come di seguito indicato; Lei ha inoltre i diritti che illustriamo di seguito.<\/li>\n<\/ul>\n<ul>\n<li>c) Lei, se persona giuridica (societ\u00e0, ente, ecc.) NON \u00e8 Interessato, i Suoi dati NON sono Dati Personali ed al relativo trattamento NON si applica la normativa in oggetto.<\/li>\n<\/ul>\n<ul>\n<li>d) In ogni caso, i Suoi eventuali amministratori\/rappresentanti\/<wbr \/>dipendenti\/collaboratori\/<wbr \/>funzionari \u2013 i cui dati personali dovessero essere incidentalmente conferiti o comunicati, avendo contatti col Titolare per Suo conto \u2013 sono \u201cInteressati\u201d e i loro dati verranno trattati come di seguito indicato; Lei si impegna quindi a fornire le suesposte informazioni agli stessi rappresentanti\/dipendenti\/ collaboratori\/funzionari, i cui dati personali dovessero essere incidentalmente conferiti al Titolare, avendo contatti con quest\u2019ultimo.<\/li>\n<\/ul>\n<p><strong><u>1) Titolare del trattamento<\/u><\/strong><\/p>\n<p>Come premesso, Titolare del Trattamento \u00e8 B&amp;B Virasol di Napoli Paola, con sede in Via Addolorata, 8a .- Dronero (CN), contattabile all\u2019indirizzo email info@virasolincitta.it.<\/p>\n<p>Il Titolare tratta i dati secondo i principi stabiliti dal GDPR (Regolamento generale sulla protezione dei dati UE 2016\/679), dal D.Lgs. 196\/2003 e dal D. Lgs. 101\/2018, di liceit\u00e0, correttezza, trasparenza, limitazione delle finalit\u00e0 e della conservazione, minimizzazione dei dati, esattezza, integrit\u00e0 e riservatezza.<\/p>\n<p><strong><u>2) Finalit\u00e0 del Trattamento<\/u><\/strong><\/p>\n<p>I dati personali forniti al Titolare dall\u2019Interessato, saranno trattati per le seguenti Finalit\u00e0:<br \/>\na) fornire risposte alla richiesta che l\u2019utente (di seguito indicato anche \u201cl\u2019Interessato\u201d) abbia avanzato tramite il canale di contatto;<br \/>\nb)fornire un preventivo all\u2019Interessato che lo abbia chiesto tramite il canale di contatto;<br \/>\nc)inviare il proprio curriculum vitae o una richiesta di collaborazione col Titolare;<br \/>\nd)adempiere ad obblighi previsti dalla legge, da un regolamento, dalla normativa comunitaria o da un ordine dell\u2019Autorit\u00e0;<br \/>\ne)esercitare i diritti e gli interessi legittimi del Titolare o di terzi, come, ad esempio, il diritto di difesa in giudizio o il marketing diretto;<br \/>\nf)inviare (via e-mail \u2013 anche con newsletter \u2013 telefono o altri canali di contatto forniti) comunicazioni commerciali o materiale pubblicitario su prodotti o servizi offerti dal Titolare; contattare l\u2019Interessato per offerte personalizzate o rilevare il grado di soddisfazione sulla qualit\u00e0 dei servizi e dei prodotti, o segnalare eventi.<\/p>\n<p><strong><u>3) Basi giuridiche del trattamento<\/u><\/strong><\/p>\n<p>Le basi giuridiche del Trattamento sono le seguenti:<\/p>\n<p>Per quanto riguarda le finalit\u00e0 di cui ai punti 2a), 2b), 2c), 2d) e 2e):<br \/>\n\u2013\u00a0\u00a0 necessit\u00e0 di adempiere ad un contratto di cui l\u2019interessato \u00e8 parte, o comunque di adempiere a quanto richiesto dall\u2019Interessato (anche eventuali misure precontrattuali);<br \/>\n\u2013\u00a0\u00a0 necessit\u00e0 di adempiere ad eventuali obblighi di legge o richieste dell\u2019Autorit\u00e0;<br \/>\n\u2013\u00a0\u00a0 necessit\u00e0 di perseguire un legittimo interesse del titolare del trattamento o di terzi (come, ad esempio, la difesa in giudizio,\u00a0 o il marketing diretto);<\/p>\n<p>Per quanto riguarda le finalit\u00e0 di cui al punto 2f):<br \/>\n\u2013\u00a0\u00a0 il consenso dell\u2019Interessato.<\/p>\n<p><strong><u>4) Natura obbligatoria e facoltativa della comunicazione dei Dati Personali<\/u><\/strong><\/p>\n<p>La comunicazione dei dati contrassegnati da asterisco \u00e8 obbligatoria: il mancato conferimento render\u00e0 impossibile al Titolare fornire all\u2019Interessato quanto da costui richiesto.<br \/>\nLa comunicazione dei dati privi di asterisco \u00e8 facoltativa: il mancato conferimento permetter\u00e0 comunque di fornire all\u2019Interessato quanto da costui richiesto.<br \/>\nIl consenso al Trattamento per la finalit\u00e0 di cui al punto 2f) \u00e8 facoltativo: in caso di mancato consenso, per\u00f2, l\u2019Interessato non potr\u00e0 ricevere newsletter, comunicazioni commerciali e materiale pubblicitario inerenti ai prodotti offerti dal Titolare o da eventuali societ\u00e0 ad esso collegate, ma potr\u00e0 comunque ricevere quanto richiesto per le altre finalit\u00e0.<\/p>\n<p><strong><u>5) Diritti dell\u2019Interessato<\/u><\/strong><\/p>\n<p>L\u2019interessato ha diritto di:<br \/>\n\u2013 accedere ai propri Dati Personali in possesso del Titolare;<br \/>\n\u2013 chiederne la rettifica e\/o la cancellazione (\u201coblio\u201d);<br \/>\n\u2013 chiedere la Limitazione o opporsi al Trattamento;<br \/>\n\u2013 richiedere la portabilit\u00e0 dei Dati;<br \/>\n\u2013 opporsi al trattamento, alle condizioni di cui all\u2019art. 21 GDPR;<br \/>\n\u2013 proporre reclamo ad un\u2019Autorit\u00e0 di Controllo.<\/p>\n<p>L\u2019Interessato pu\u00f2 altres\u00ec revocare in qualsiasi momento il consenso prestato, senza pregiudicare la liceit\u00e0 del trattamento basata sul consenso prima della revoca.<\/p>\n<p><strong><u>6) Comunicazione ai destinatari, trasferimenti in paesi terzi e diffusione<\/u><\/strong><\/p>\n<p>I dati acquisiti attraverso il sito non verranno diffusi.<br \/>\nI dati vengono comunicati ai destinatari nella misura strettamente necessaria in relazione alle finalit\u00e0 di cui sopra.<br \/>\nLe categorie di eventuali destinatari sono le seguenti:<\/p>\n<ul>\n<li>Soggetti autorizzati dal Titolare;<\/li>\n<li>Eventuali soggetti terzi, cui il Titolare ricorra per il Trattamento e da esso nominati Responsabili ex art. 28 GDPR, con apposito contratto;<\/li>\n<li>Eventuali societ\u00e0 del medesimo gruppo imprenditoriale o comunque collegate al Titolare;<\/li>\n<li>Altri soggetti (pubblici o privati), cui la comunicazione si renda necessaria per adempiere ad obblighi di legge, per l\u2019esecuzione del contratto, adempiere alle richieste dell\u2019Interessato, ottemperare ad ordini provenienti da Autorit\u00e0, o difendere un interesse legittimo del Titolare o di Terzi.<\/li>\n<\/ul>\n<p>Non \u00e8 intenzione del Titolare trasferire i dati trattati in un paese al di fuori dell\u2019Unione Europea, n\u00e8 a un\u2019organizzazione internazionale, fatto salvo, per la sola gestione della newsletter, l\u2019utilizzo del servizio che \u00e8 fornito da fuori dell\u2019Unione (tale servizio aderisce per\u00f2 al \u201c<em><span class=\"il\">Privacy<\/span>\u00a0Shield<\/em>\u201d, che garantisce un livello di protezione adeguato).<\/p>\n<p><strong><u>7) Periodo di conservazione dei dati<\/u><\/strong><\/p>\n<p>Il Titolare conserva i dati per il tempo necessario al raggiungimento delle suddette finalit\u00e0.<br \/>\nIn ogni caso, il Titolare si impegna a non conservare i dati oltre il tempo necessario alle suddette finalit\u00e0 o altri termini di legge.<\/p>\n<p><strong><u>8) Modifiche alla presente informativa<\/u><\/strong><\/p>\n<p>Il Titolare si riserva di modificare il contenuto della presente informativa, in parte o completamente, anche a causa di variazioni della Normativa\u00a0<span class=\"il\">Privacy<\/span>.<br \/>\nIl Titolare effettuer\u00e0 in tal caso la Pubblicazione sul Sito della versione aggiornata, e da quel momento essa sar\u00e0 vincolante: l\u2019Interessato \u00e8 perci\u00f2 invitato a visitare con regolarit\u00e0 questa sezione.<\/p>\n<\/div>\n<p>[\/vc_column_text][\/vc_column][\/vc_row]<\/p>\n","protected":false},"excerpt":{"rendered":"<p>[vc_row][vc_column][vc_custom_heading text=&#8221;PRIVACY POLICY&#8221; font_container=&#8221;tag:h2|text_align:left|color:%23f6ba60&#8243; google_fonts=&#8221;font_family:Fira%20Sans%3A300%2C300italic%2C400%2C400italic%2C500%2C500italic%2C700%2C700italic|font_style:400%20regular%3A400%3Anormal&#8221; css_animation=&#8221;fadeIn&#8221; css=&#8221;.vc_custom_1557221056715{margin-bottom: 15px !important;}&#8221;][vc_column_text] Informazioni ai sensi dell\u2019art. 13 del Reg. EU 2016\/697 (GDPR) Gentile visitatore, ai sensi dell\u2019art. 13 del GDPR, ed in relazione ai dati personali di cui B&amp;B Virasol di Napoli Paola\u00a0entrer\u00e0 in possesso, Le forniamo le informazioni che seguono. Per la suddetta Normativa: a) B&amp;B Virasol [&hellip;]<\/p>\n","protected":false},"author":2,"featured_media":0,"parent":0,"menu_order":0,"comment_status":"closed","ping_status":"closed","template":"","meta":[],"_links":{"self":[{"href":"https:\/\/virasolincitta.it\/en\/wp-json\/wp\/v2\/pages\/892"}],"collection":[{"href":"https:\/\/virasolincitta.it\/en\/wp-json\/wp\/v2\/pages"}],"about":[{"href":"https:\/\/virasolincitta.it\/en\/wp-json\/wp\/v2\/types\/page"}],"author":[{"embeddable":true,"href":"https:\/\/virasolincitta.it\/en\/wp-json\/wp\/v2\/users\/2"}],"replies":[{"embeddable":true,"href":"https:\/\/virasolincitta.it\/en\/wp-json\/wp\/v2\/comments?post=892"}],"version-history":[{"count":2,"href":"https:\/\/virasolincitta.it\/en\/wp-json\/wp\/v2\/pages\/892\/revisions"}],"predecessor-version":[{"id":894,"href":"https:\/\/virasolincitta.it\/en\/wp-json\/wp\/v2\/pages\/892\/revisions\/894"}],"wp:attachment":[{"href":"https:\/\/virasolincitta.it\/en\/wp-json\/wp\/v2\/media?parent=892"}],"curies":[{"name":"wp","href":"https:\/\/api.w.org\/{rel}","templated":true}]}}