{"id":442,"date":"2019-05-07T11:07:13","date_gmt":"2019-05-07T09:07:13","guid":{"rendered":"http:\/\/34.242.210.101\/?page_id=442"},"modified":"2026-02-03T15:03:41","modified_gmt":"2026-02-03T14:03:41","slug":"tariffe-e-condizioni","status":"publish","type":"page","link":"https:\/\/virasolincitta.it\/it\/tariffe-e-condizioni\/","title":{"rendered":"Tariffe e condizioni"},"content":{"rendered":"<p>[vc_row css=&#8221;.vc_custom_1557220947311{margin-top: 4em !important;}&#8221;][vc_column][vc_custom_heading text=&#8221;<strong>TARIFFE<\/strong> E <strong>CONDIZIONI<\/strong>&#8221; font_container=&#8221;tag:h2|text_align:left|color:%23f6ba60&#8243; google_fonts=&#8221;font_family:Fira%20Sans%3A300%2C300italic%2C400%2C400italic%2C500%2C500italic%2C700%2C700italic|font_style:400%20regular%3A400%3Anormal&#8221; css_animation=&#8221;fadeIn&#8221; css=&#8221;.vc_custom_1557220994621{margin-bottom: 15px !important;}&#8221;][vc_column_text]<\/p>\n<p class=\"p1\"><span class=\"s1\"><strong>VIRASOL IN CITT\u00c1<\/strong> \u00e8 aperto tutto l\u2019anno!<br \/>\n<\/span><span class=\"s1\"><strong>Check-in<\/strong> dalle ore <strong>14<\/strong>.<br \/>\n<\/span><span class=\"s1\"><strong>Check-out<\/strong> entro le ore <strong>10,30<\/strong>.<\/span><\/p>\n<p>L&#8217;<strong>accesso \u00e8 senza chiavi<\/strong> ma attraverso una tastiera digitale il cui codice verr\u00e0 trasmesso in seguito a pagamento avvenuto ed il giorno del check-in. Avr\u00e0 la durata del soggiorno dopodich\u00e8 scadr\u00e0 al check-out.<\/p>\n<p><strong>TARIFFE :<\/strong><\/p>\n<p><span class=\"s1\"><strong>Camera Nuvole<\/strong><\/span><\/p>\n<p>CIR 00407800070<\/p>\n<p>CIN IT004078C2WQ28VID4<\/p>\n<p><strong>\u00a0Le tariffe si intendono a camera.<\/strong><\/p>\n<p>dal 16\/05\/2026 al 15\/09\/2026:<\/p>\n<ul>\n<li>70 \u20ac 1 notte<\/li>\n<li>135 \u20ac 2 notti<\/li>\n<li>190 \u20ac 3 notti<\/li>\n<li>255 \u20ac 4 notti<\/li>\n<li>308 \u20ac 5 notti<\/li>\n<\/ul>\n<p>Dal 01\/01\/2026 al 15\/05\/2026 e dal 16\/09\/2026 al 31\/12\/2026:<\/p>\n<ul>\n<li>75 \u20ac 1 notte<\/li>\n<li>144 \u20ac 2 notti<\/li>\n<li>207 \u20ac 3 notti<\/li>\n<li>276 \u20ac 4 notti<\/li>\n<li>330 \u20ac 5 notti<\/li>\n<\/ul>\n<p>&nbsp;<\/p>\n<p>Il <strong>pagamento<\/strong> \u00e8 da effettuarsi <strong>anticipato<\/strong> prima del check-in, tramite bonifico o carta di credito (verr\u00e0 inviato un link su piattaforma Stripe), per poter ricevere il codice di ingresso ai locali.<\/p>\n<p>&nbsp;<\/p>\n<p><strong>La tassa di soggiorno<\/strong>\u00a0 (1 \u20ac al giorno a persona fino a sette giorni consecutivi) \u00e9 compresa nella tariffa.<\/p>\n<p class=\"p1\"><strong><span class=\"s1\">Gli animali purtroppo non potranno essere ammessi nella struttura.<\/span><\/strong><\/p>\n<p class=\"p1\"><span class=\"s1\">Nella camera \u00e8 <\/span><strong>severamente vietato\u00a0fumare<\/strong>. La struttura \u00e8 dotata di rilevatori antifumo.<\/p>\n<p class=\"p1\"><span class=\"s1\">Soggiorni massimi consentiti: 29 giorni consecutivi.<br \/>\n<\/span><\/p>\n<p class=\"p1\"><span class=\"s1\">Leggere attentamente le norme riguardanti la prenotazione. La conferma della prenotazione implica l\u2019accettazione dei nostri <b>termini di cancellazione e deposito<\/b>.<\/span><\/p>\n<p class=\"p1\">\u00a0<span class=\"s1\"><br \/>\n<\/span><\/p>\n<hr \/>\n<p class=\"p1\"><em><strong><span class=\"s1\">Condizioni di prenotazione e cancellazione<\/span><\/strong><\/em><\/p>\n<p class=\"p1\"><em><span class=\"s1\">In caso di prenotazione con invio di email\u00a0 \u00e8 richiesta una <b>caparra confirmatoria<\/b> del 15% tramite bonifico bancario oppure tramite carta di credito in seguito ad invio di un link. La suddetta caparra dovr\u00e0 essere versata entro tre giorni dal ricevimento della conferma di disponibilit\u00e0 della camera, dopo i quali altrimenti non si potr\u00e0 ritenere confermata la prenotazione.<br \/>\n<\/span><\/em><em><span class=\"s1\">In caso di <b>disdetta<\/b>, sar\u00e0 da ritenersi valida solo se<b> <\/b>effettuata tramite<b> invio di un\u2019email alla struttura<\/b>. Come previsto dal codice civile all\u2019 art.1385,<span class=\"Apple-converted-space\">\u00a0 <\/span>verr\u00e0 restituita la caparra gi\u00e0 versata con le condizioni sotto elencate:<span class=\"Apple-converted-space\">\u00a0 <\/span>fino a 8 giorni<span class=\"Apple-converted-space\">\u00a0 <\/span>precedenti il check-in in alta e media stagione, fino a 3 giorni prima del check-in in bassa stagione; dopo tale periodo la stessa sar\u00e0 trattenuta, ma sar\u00f2 lieta di ritenerla valida per una nuova prenotazione nei 12 mesi successivi.<br \/>\n<\/span><span class=\"s1\">In caso di <b>interruzione del soggiorno<\/b> da parte degli ospiti, si \u00e8 tenuti a versare l\u2019intera cifra del soggiorno prenotato.<br \/>\n<\/span><span class=\"s1\">In caso di <b>non-presentazione <\/b>verr\u00e0 trattenuta la caparra versata.<br \/>\n<\/span><span class=\"s1\">Il <b>saldo<\/b> della prenotazione se si \u00e8 versata una caparra dovr\u00e0 essere effettuato prima del check-in.<\/span><\/em><\/p>\n<p class=\"p1\"><em><span class=\"s1\"><b>Cause di forza maggiore<br \/>\n<\/b><\/span><span class=\"s1\">Virasol in cutt\u00e0 declina ogni responsabilit\u00e0 per disservizi dovuti a mancate forniture, guasti fortuiti alle apparecchiature o ad altre cause di forza maggiore. Si declina ogni responsabilit\u00e0 per danni causati da altri ospiti, da eventi atmosferici, calamit\u00e0 naturali, malattie e furti.<\/span><\/em><\/p>\n<p>&nbsp;<\/p>\n<p>&nbsp;<\/p>\n<p>&nbsp;<\/p>\n<p>&nbsp;<\/p>\n<hr \/>\n<p><a href=\"http:\/\/34.242.210.101\/privacy-policy\/\">Privacy Policy<\/a>[\/vc_column_text][\/vc_column][\/vc_row]<\/p>\n","protected":false},"excerpt":{"rendered":"<p>[vc_row css=&#8221;.vc_custom_1557220947311{margin-top: 4em !important;}&#8221;][vc_column][vc_custom_heading text=&#8221;TARIFFE E CONDIZIONI&#8221; font_container=&#8221;tag:h2|text_align:left|color:%23f6ba60&#8243; google_fonts=&#8221;font_family:Fira%20Sans%3A300%2C300italic%2C400%2C400italic%2C500%2C500italic%2C700%2C700italic|font_style:400%20regular%3A400%3Anormal&#8221; css_animation=&#8221;fadeIn&#8221; css=&#8221;.vc_custom_1557220994621{margin-bottom: 15px !important;}&#8221;][vc_column_text] VIRASOL IN CITT\u00c1 \u00e8 aperto tutto l\u2019anno! Check-in dalle ore 14. Check-out entro le ore 10,30. L&#8217;accesso \u00e8 senza chiavi ma attraverso una tastiera digitale il cui codice verr\u00e0 trasmesso in seguito a pagamento avvenuto ed il giorno del check-in. Avr\u00e0 la [&hellip;]<\/p>\n","protected":false},"author":4,"featured_media":0,"parent":0,"menu_order":0,"comment_status":"closed","ping_status":"closed","template":"","meta":[],"_links":{"self":[{"href":"https:\/\/virasolincitta.it\/it\/wp-json\/wp\/v2\/pages\/442"}],"collection":[{"href":"https:\/\/virasolincitta.it\/it\/wp-json\/wp\/v2\/pages"}],"about":[{"href":"https:\/\/virasolincitta.it\/it\/wp-json\/wp\/v2\/types\/page"}],"author":[{"embeddable":true,"href":"https:\/\/virasolincitta.it\/it\/wp-json\/wp\/v2\/users\/4"}],"replies":[{"embeddable":true,"href":"https:\/\/virasolincitta.it\/it\/wp-json\/wp\/v2\/comments?post=442"}],"version-history":[{"count":38,"href":"https:\/\/virasolincitta.it\/it\/wp-json\/wp\/v2\/pages\/442\/revisions"}],"predecessor-version":[{"id":1523,"href":"https:\/\/virasolincitta.it\/it\/wp-json\/wp\/v2\/pages\/442\/revisions\/1523"}],"wp:attachment":[{"href":"https:\/\/virasolincitta.it\/it\/wp-json\/wp\/v2\/media?parent=442"}],"curies":[{"name":"wp","href":"https:\/\/api.w.org\/{rel}","templated":true}]}}